{"id":275,"date":"2022-07-12T19:59:40","date_gmt":"2022-07-12T17:59:40","guid":{"rendered":"http:\/\/district-belledonne-ski.com\/?page_id=275"},"modified":"2022-08-18T11:40:01","modified_gmt":"2022-08-18T09:40:01","slug":"presentation","status":"publish","type":"page","link":"https:\/\/district-belledonne-ski.com\/index.php\/presentation\/","title":{"rendered":"Pr\u00e9sentation"},"content":{"rendered":"\t\t<div data-elementor-type=\"wp-page\" data-elementor-id=\"275\" class=\"elementor elementor-275\">\n\t\t\t\t\t\t<section class=\"elementor-section elementor-top-section elementor-element elementor-element-6fa4374 elementor-section-boxed elementor-section-height-default elementor-section-height-default\" data-id=\"6fa4374\" data-element_type=\"section\" data-e-type=\"section\">\n\t\t\t\t\t\t<div class=\"elementor-container elementor-column-gap-default\">\n\t\t\t\t\t<div class=\"elementor-column elementor-col-50 elementor-top-column elementor-element elementor-element-81ef411\" data-id=\"81ef411\" data-element_type=\"column\" data-e-type=\"column\">\n\t\t\t<div class=\"elementor-widget-wrap elementor-element-populated\">\n\t\t\t\t\t\t<div class=\"elementor-element elementor-element-e3a08cd elementor-widget elementor-widget-text-editor\" data-id=\"e3a08cd\" data-element_type=\"widget\" data-e-type=\"widget\" data-widget_type=\"text-editor.default\">\n\t\t\t\t<div class=\"elementor-widget-container\">\n\t\t\t\t\t\t\t\t\t<p style=\"text-align: justify;\">Nous sommes l&rsquo;association des clubs de ski affili\u00e9s \u00e0 la F\u00e9d\u00e9ration Fran\u00e7aise de Ski ayant un groupe comp\u00e9tition en ski alpin et qui skient dans les stations du massif de Belledonne (du nord au sud le Collet d&rsquo;Allevard, le Grand Plan au Barrioz, les 7 Laux, Chamrousse) et de Chartreuse.<\/p>\t\t\t\t\t\t\t\t<\/div>\n\t\t\t\t<\/div>\n\t\t\t\t\t<\/div>\n\t\t<\/div>\n\t\t\t\t<div class=\"elementor-column elementor-col-50 elementor-top-column elementor-element elementor-element-757e1ed\" data-id=\"757e1ed\" data-element_type=\"column\" data-e-type=\"column\">\n\t\t\t<div class=\"elementor-widget-wrap elementor-element-populated\">\n\t\t\t\t\t\t<div class=\"elementor-element elementor-element-b81760a elementor-widget elementor-widget-image\" data-id=\"b81760a\" data-element_type=\"widget\" data-e-type=\"widget\" data-widget_type=\"image.default\">\n\t\t\t\t<div class=\"elementor-widget-container\">\n\t\t\t\t\t\t\t\t\t\t\t\t\t\t\t<img fetchpriority=\"high\" decoding=\"async\" width=\"225\" height=\"225\" src=\"https:\/\/district-belledonne-ski.com\/wp-content\/uploads\/2022\/07\/ffs.png\" class=\"attachment-large size-large wp-image-295\" alt=\"\" srcset=\"https:\/\/district-belledonne-ski.com\/wp-content\/uploads\/2022\/07\/ffs.png 225w, https:\/\/district-belledonne-ski.com\/wp-content\/uploads\/2022\/07\/ffs-150x150.png 150w\" sizes=\"100vw\" \/>\t\t\t\t\t\t\t\t\t\t\t\t\t\t\t<\/div>\n\t\t\t\t<\/div>\n\t\t\t\t\t<\/div>\n\t\t<\/div>\n\t\t\t\t\t<\/div>\n\t\t<\/section>\n\t\t\t\t<section class=\"elementor-section elementor-top-section elementor-element elementor-element-76e4b1a elementor-section-boxed elementor-section-height-default elementor-section-height-default\" data-id=\"76e4b1a\" data-element_type=\"section\" data-e-type=\"section\">\n\t\t\t\t\t\t<div class=\"elementor-container elementor-column-gap-default\">\n\t\t\t\t\t<div class=\"elementor-column elementor-col-100 elementor-top-column elementor-element elementor-element-65730a9\" data-id=\"65730a9\" data-element_type=\"column\" data-e-type=\"column\">\n\t\t\t<div class=\"elementor-widget-wrap elementor-element-populated\">\n\t\t\t\t\t\t<div class=\"elementor-element elementor-element-49286b5 elementor-widget elementor-widget-text-editor\" data-id=\"49286b5\" data-element_type=\"widget\" data-e-type=\"widget\" data-widget_type=\"text-editor.default\">\n\t\t\t\t<div class=\"elementor-widget-container\">\n\t\t\t\t\t\t\t\t\t<p id=\"h.p_pMOsGS-ehlG-\" style=\"text-align: justify;\">Elle existe officiellement en tant qu&rsquo;association loi de 1901 depuis le 8 janvier 2008.<\/p>\n<p style=\"text-align: left;\">Depuis cette date, elle regroupe 8 clubs de ski:<\/p>\n<ul>\n<li><a href=\"https:\/\/www.skicluballevardin.fr\/\" target=\"_blank\" rel=\"noreferrer noopener\">Ski Club Allevardin<\/a>.<\/li>\n<li><a href=\"https:\/\/sites.google.com\/site\/focski\/\" target=\"_blank\" rel=\"noreferrer noopener\">Froges OC Ski en Gr\u00e9sivaudan<\/a>.<\/li>\n<li><a href=\"https:\/\/skiclubdubarioz.fr\/\" target=\"_blank\" rel=\"noreferrer noopener\">Ski Club du Barioz.<\/a><\/li>\n<li><a href=\"https:\/\/www.co7laux-alpin.com\/\" target=\"_blank\" rel=\"noreferrer noopener\">CO 7 Laux<\/a><\/li>\n<li><a href=\"https:\/\/www.gucgrenobleski.com\/\" target=\"_blank\" rel=\"noreferrer noopener\">GUC Grenoble Ski<\/a>.<\/li>\n<li><a href=\"https:\/\/www.chamrousse-ski-club.net\/page\/1308597-accueil\" target=\"_blank\" rel=\"noreferrer noopener\">Ski Club de Chamrousse.<\/a><\/li>\n<li><a href=\"https:\/\/cds-chartreuse.fr\/\" target=\"_blank\" rel=\"noreferrer noopener\">Ski Club de Saint Pierre de Chartreuse.<\/a><\/li>\n<li>Ski Club Du Sappey au Sappey en Chartreuse.<\/li>\n<\/ul>\n<p id=\"h.p_CesOX2pXiCjT\">L&rsquo;association a pour objet la coordination et l&rsquo;organisation des activit\u00e9s communes de ces clubs. Le principal objectif commun est de faire s&rsquo;entra\u00eener et skier le plus possible les jeunes comp\u00e9titeurs des diff\u00e9rents clubs.<\/p>\n<p id=\"h.p_D3EBlLLhoCuo\">Depuis plusieurs ann\u00e9es, l&rsquo;association travaille sur deux \u00e9v\u00e9nements :<\/p>\n<ul>\n<li>l&rsquo;organisation d&rsquo;un circuit de comp\u00e9titions de ski alpin FFS sur les stations de ski du Massif de Belledonne et de Chartreuse.<\/li>\n<li>l&rsquo;organisation de stages de ski sur la p\u00e9riode estivale de mani\u00e8re \u00e0 ce que les jeunes comp\u00e9titeurs aient une continuit\u00e9 dans leur entra\u00eenement.<\/li>\n<\/ul>\t\t\t\t\t\t\t\t<\/div>\n\t\t\t\t<\/div>\n\t\t\t\t\t<\/div>\n\t\t<\/div>\n\t\t\t\t\t<\/div>\n\t\t<\/section>\n\t\t\t\t<\/div>\n\t\t","protected":false},"excerpt":{"rendered":"<p>Nous sommes l&rsquo;association des clubs de ski affili\u00e9s \u00e0 la F\u00e9d\u00e9ration Fran\u00e7aise de Ski ayant un groupe comp\u00e9tition en ski alpin et qui skient dans les stations du massif de &hellip; <\/p>\n<p class=\"link-more\"><a href=\"https:\/\/district-belledonne-ski.com\/index.php\/presentation\/\" class=\"more-link\">Lire la suite de<span class=\"screen-reader-text\">\u00ab\u00a0Pr\u00e9sentation\u00a0\u00bb<\/span><\/a><\/p>\n","protected":false},"author":1,"featured_media":0,"parent":0,"menu_order":0,"comment_status":"closed","ping_status":"closed","template":"","meta":{"footnotes":""},"class_list":["post-275","page","type-page","status-publish","hentry"],"_links":{"self":[{"href":"https:\/\/district-belledonne-ski.com\/index.php\/wp-json\/wp\/v2\/pages\/275","targetHints":{"allow":["GET"]}}],"collection":[{"href":"https:\/\/district-belledonne-ski.com\/index.php\/wp-json\/wp\/v2\/pages"}],"about":[{"href":"https:\/\/district-belledonne-ski.com\/index.php\/wp-json\/wp\/v2\/types\/page"}],"author":[{"embeddable":true,"href":"https:\/\/district-belledonne-ski.com\/index.php\/wp-json\/wp\/v2\/users\/1"}],"replies":[{"embeddable":true,"href":"https:\/\/district-belledonne-ski.com\/index.php\/wp-json\/wp\/v2\/comments?post=275"}],"version-history":[{"count":0,"href":"https:\/\/district-belledonne-ski.com\/index.php\/wp-json\/wp\/v2\/pages\/275\/revisions"}],"wp:attachment":[{"href":"https:\/\/district-belledonne-ski.com\/index.php\/wp-json\/wp\/v2\/media?parent=275"}],"curies":[{"name":"wp","href":"https:\/\/api.w.org\/{rel}","templated":true}]}}